{"id":86,"date":"2025-03-12T14:37:04","date_gmt":"2025-03-12T14:37:04","guid":{"rendered":"https:\/\/baresperanzabagatza.rkinformatika.online\/?page_id=86"},"modified":"2025-03-13T08:58:11","modified_gmt":"2025-03-13T08:58:11","slug":"servicios","status":"publish","type":"page","link":"https:\/\/baresperanzabagatza.com\/eu\/servicios\/","title":{"rendered":"Zerbitzuak"},"content":{"rendered":"<div data-elementor-type=\"wp-post\" data-elementor-id=\"86\" class=\"elementor elementor-86\" data-elementor-post-type=\"page\">\n\t\t\t\t<div class=\"elementor-element elementor-element-df7b6b2 e-flex e-con-boxed e-con e-parent\" data-id=\"df7b6b2\" data-element_type=\"container\" data-e-type=\"container\" data-settings=\"{&quot;background_background&quot;:&quot;classic&quot;,&quot;background_motion_fx_motion_fx_mouse&quot;:&quot;yes&quot;,&quot;background_motion_fx_mouseTrack_effect&quot;:&quot;yes&quot;,&quot;background_motion_fx_mouseTrack_speed&quot;:{&quot;unit&quot;:&quot;px&quot;,&quot;size&quot;:0.5,&quot;sizes&quot;:[]}}\">\n\t\t\t\t\t<div class=\"e-con-inner\">\n\t\t\t\t<div class=\"elementor-element elementor-element-715f440 elementor-widget elementor-widget-heading\" data-id=\"715f440\" data-element_type=\"widget\" data-e-type=\"widget\" data-widget_type=\"heading.default\">\n\t\t\t\t<div class=\"elementor-widget-container\">\n\t\t\t\t\t<h2 class=\"elementor-heading-title elementor-size-default\">Zerbitzuak<\/h2>\t\t\t\t<\/div>\n\t\t\t\t<\/div>\n\t\t\t\t\t<\/div>\n\t\t\t\t<\/div>\n\t\t\t\t<section class=\"elementor-section elementor-top-section elementor-element elementor-element-3018deec elementor-section-content-middle elementor-section-boxed elementor-section-height-default elementor-section-height-default\" data-id=\"3018deec\" data-element_type=\"section\" data-e-type=\"section\" data-settings=\"{&quot;background_background&quot;:&quot;classic&quot;}\">\n\t\t\t\t\t\t\t<div class=\"elementor-background-overlay\"><\/div>\n\t\t\t\t\t\t\t<div class=\"elementor-container elementor-column-gap-wide\">\n\t\t\t\t\t<div class=\"elementor-column elementor-col-100 elementor-top-column elementor-element elementor-element-677253cc\" data-id=\"677253cc\" data-element_type=\"column\" data-e-type=\"column\">\n\t\t\t<div class=\"elementor-widget-wrap elementor-element-populated\">\n\t\t\t\t\t\t<section class=\"elementor-section elementor-inner-section elementor-element elementor-element-265efe8 envato-kit-141-top-0 elementor-section-boxed elementor-section-height-default elementor-section-height-default\" data-id=\"265efe8\" data-element_type=\"section\" data-e-type=\"section\">\n\t\t\t\t\t\t<div class=\"elementor-container elementor-column-gap-default\">\n\t\t\t\t\t<div class=\"elementor-column elementor-col-33 elementor-inner-column elementor-element elementor-element-583de70e elementor-invisible\" data-id=\"583de70e\" data-element_type=\"column\" data-e-type=\"column\" data-settings=\"{&quot;background_background&quot;:&quot;classic&quot;,&quot;animation&quot;:&quot;fadeIn&quot;,&quot;animation_delay&quot;:100}\">\n\t\t\t<div class=\"elementor-widget-wrap elementor-element-populated\">\n\t\t\t\t\t\t<div class=\"elementor-element elementor-element-37a905c3 elementor-widget elementor-widget-image\" data-id=\"37a905c3\" data-element_type=\"widget\" data-e-type=\"widget\" data-widget_type=\"image.default\">\n\t\t\t\t<div class=\"elementor-widget-container\">\n\t\t\t\t\t\t\t\t\t\t\t\t\t\t\t<img decoding=\"async\" src=\"https:\/\/baresperanzabagatza.com\/wp-content\/uploads\/elementor\/thumbs\/3561-r2r9mx5lufioljfizwhyzdr71cbgy7fn0xhsoue6cg.jpg\" title=\"3561\" alt=\"3561\" loading=\"lazy\" \/>\t\t\t\t\t\t\t\t\t\t\t\t\t\t\t<\/div>\n\t\t\t\t<\/div>\n\t\t\t\t<div class=\"elementor-element elementor-element-100fb52c elementor-widget elementor-widget-heading\" data-id=\"100fb52c\" data-element_type=\"widget\" data-e-type=\"widget\" data-widget_type=\"heading.default\">\n\t\t\t\t<div class=\"elementor-widget-container\">\n\t\t\t\t\t<h2 class=\"elementor-heading-title elementor-size-default\"> Pintxos variados<\/h2>\t\t\t\t<\/div>\n\t\t\t\t<\/div>\n\t\t\t\t<div class=\"elementor-element elementor-element-5e91f735 elementor-widget elementor-widget-text-editor\" data-id=\"5e91f735\" data-element_type=\"widget\" data-e-type=\"widget\" data-widget_type=\"text-editor.default\">\n\t\t\t\t<div class=\"elementor-widget-container\">\n\t\t\t\t\t\t\t\t\t<p>Disfruta de una gran variedad de pintxos preparados con ingredientes frescos y de calidad.<\/p>\t\t\t\t\t\t\t\t<\/div>\n\t\t\t\t<\/div>\n\t\t\t\t\t<\/div>\n\t\t<\/div>\n\t\t\t\t<div class=\"elementor-column elementor-col-33 elementor-inner-column elementor-element elementor-element-3ac5bc1e elementor-invisible\" data-id=\"3ac5bc1e\" data-element_type=\"column\" data-e-type=\"column\" data-settings=\"{&quot;background_background&quot;:&quot;classic&quot;,&quot;animation&quot;:&quot;fadeIn&quot;,&quot;animation_delay&quot;:200}\">\n\t\t\t<div class=\"elementor-widget-wrap elementor-element-populated\">\n\t\t\t\t\t\t<div class=\"elementor-element elementor-element-d94afeb elementor-widget elementor-widget-image\" data-id=\"d94afeb\" data-element_type=\"widget\" data-e-type=\"widget\" data-widget_type=\"image.default\">\n\t\t\t\t<div class=\"elementor-widget-container\">\n\t\t\t\t\t\t\t\t\t\t\t\t\t\t\t<img decoding=\"async\" src=\"https:\/\/baresperanzabagatza.com\/wp-content\/uploads\/elementor\/thumbs\/8835-r2r9wnrenmumw3a94m1tbfa4m2bdpb3ip4twp1ybvk.jpg\" title=\"8835\" alt=\"8835\" loading=\"lazy\" \/>\t\t\t\t\t\t\t\t\t\t\t\t\t\t\t<\/div>\n\t\t\t\t<\/div>\n\t\t\t\t<div class=\"elementor-element elementor-element-7e70bc31 elementor-widget elementor-widget-heading\" data-id=\"7e70bc31\" data-element_type=\"widget\" data-e-type=\"widget\" data-widget_type=\"heading.default\">\n\t\t\t\t<div class=\"elementor-widget-container\">\n\t\t\t\t\t<h1 class=\"elementor-heading-title elementor-size-default\">Retransmisi\u00f3n de eventos deportivos<\/h1>\t\t\t\t<\/div>\n\t\t\t\t<\/div>\n\t\t\t\t<div class=\"elementor-element elementor-element-c1369bb elementor-widget elementor-widget-text-editor\" data-id=\"c1369bb\" data-element_type=\"widget\" data-e-type=\"widget\" data-widget_type=\"text-editor.default\">\n\t\t\t\t<div class=\"elementor-widget-container\">\n\t\t\t\t\t\t\t\t\t<p>Vive la emoci\u00f3n del f\u00fatbol con la retransmisi\u00f3n de todos los partidos de La Liga, la Champions y mucho m\u00e1s. Tambi\u00e9n emitimos otros eventos deportivos para que no te pierdas ninguna competici\u00f3n.<\/p>\t\t\t\t\t\t\t\t<\/div>\n\t\t\t\t<\/div>\n\t\t\t\t\t<\/div>\n\t\t<\/div>\n\t\t\t\t<div class=\"elementor-column elementor-col-33 elementor-inner-column elementor-element elementor-element-45ef083 elementor-invisible\" data-id=\"45ef083\" data-element_type=\"column\" data-e-type=\"column\" data-settings=\"{&quot;background_background&quot;:&quot;classic&quot;,&quot;animation&quot;:&quot;fadeIn&quot;,&quot;animation_delay&quot;:300}\">\n\t\t\t<div class=\"elementor-widget-wrap elementor-element-populated\">\n\t\t\t\t\t\t<div class=\"elementor-element elementor-element-77af9d84 elementor-widget elementor-widget-image\" data-id=\"77af9d84\" data-element_type=\"widget\" data-e-type=\"widget\" data-widget_type=\"image.default\">\n\t\t\t\t<div class=\"elementor-widget-container\">\n\t\t\t\t\t\t\t\t\t\t\t\t\t\t\t<img decoding=\"async\" src=\"https:\/\/baresperanzabagatza.com\/wp-content\/uploads\/elementor\/thumbs\/2148726910-r2ra0yurzaqy3r0yyz398u56mn2xzd78agh0vpkdcw.jpg\" title=\"2148726910\" alt=\"2148726910\" loading=\"lazy\" \/>\t\t\t\t\t\t\t\t\t\t\t\t\t\t\t<\/div>\n\t\t\t\t<\/div>\n\t\t\t\t<div class=\"elementor-element elementor-element-65e0f2c8 elementor-widget elementor-widget-heading\" data-id=\"65e0f2c8\" data-element_type=\"widget\" data-e-type=\"widget\" data-widget_type=\"heading.default\">\n\t\t\t\t<div class=\"elementor-widget-container\">\n\t\t\t\t\t<h2 class=\"elementor-heading-title elementor-size-default\"> Tortillas <\/h2>\t\t\t\t<\/div>\n\t\t\t\t<\/div>\n\t\t\t\t<div class=\"elementor-element elementor-element-101ceffb elementor-widget elementor-widget-text-editor\" data-id=\"101ceffb\" data-element_type=\"widget\" data-e-type=\"widget\" data-widget_type=\"text-editor.default\">\n\t\t\t\t<div class=\"elementor-widget-container\">\n\t\t\t\t\t\t\t\t\t<p>Disfruta de nuestras deliciosas tortillas caseras, preparadas al momento con ingredientes frescos y mucho sabor.<\/p>\t\t\t\t\t\t\t\t<\/div>\n\t\t\t\t<\/div>\n\t\t\t\t\t<\/div>\n\t\t<\/div>\n\t\t\t\t\t<\/div>\n\t\t<\/section>\n\t\t\t\t<section class=\"elementor-section elementor-inner-section elementor-element elementor-element-b14ca97 envato-kit-141-top-0 elementor-section-boxed elementor-section-height-default elementor-section-height-default\" data-id=\"b14ca97\" data-element_type=\"section\" data-e-type=\"section\">\n\t\t\t\t\t\t<div class=\"elementor-container elementor-column-gap-default\">\n\t\t\t\t\t<div class=\"elementor-column elementor-col-33 elementor-inner-column elementor-element elementor-element-a3a2d08 elementor-invisible\" data-id=\"a3a2d08\" data-element_type=\"column\" data-e-type=\"column\" data-settings=\"{&quot;background_background&quot;:&quot;classic&quot;,&quot;animation&quot;:&quot;fadeIn&quot;,&quot;animation_delay&quot;:100}\">\n\t\t\t<div class=\"elementor-widget-wrap elementor-element-populated\">\n\t\t\t\t\t\t<div class=\"elementor-element elementor-element-4005d0a elementor-widget elementor-widget-image\" data-id=\"4005d0a\" data-element_type=\"widget\" data-e-type=\"widget\" data-widget_type=\"image.default\">\n\t\t\t\t<div class=\"elementor-widget-container\">\n\t\t\t\t\t\t\t\t\t\t\t\t\t\t\t<img decoding=\"async\" src=\"https:\/\/baresperanzabagatza.com\/wp-content\/uploads\/elementor\/thumbs\/2149212179-r2ra21e5ri7pbrgzpxqyl2f2zfszqyg83r7xk1z89s.jpg\" title=\"2149212179\" alt=\"2149212179\" loading=\"lazy\" \/>\t\t\t\t\t\t\t\t\t\t\t\t\t\t\t<\/div>\n\t\t\t\t<\/div>\n\t\t\t\t<div class=\"elementor-element elementor-element-eded1a1 elementor-widget elementor-widget-heading\" data-id=\"eded1a1\" data-element_type=\"widget\" data-e-type=\"widget\" data-widget_type=\"heading.default\">\n\t\t\t\t<div class=\"elementor-widget-container\">\n\t\t\t\t\t<h2 class=\"elementor-heading-title elementor-size-default\">Celebraciones de cumplea\u00f1os<\/h2>\t\t\t\t<\/div>\n\t\t\t\t<\/div>\n\t\t\t\t<div class=\"elementor-element elementor-element-036ee95 elementor-widget elementor-widget-text-editor\" data-id=\"036ee95\" data-element_type=\"widget\" data-e-type=\"widget\" data-widget_type=\"text-editor.default\">\n\t\t\t\t<div class=\"elementor-widget-container\">\n\t\t\t\t\t\t\t\t\t<p>Haz que tu cumplea\u00f1os sea especial con nosotros. Organizamos celebraciones para que disfrutes con tus amigos y familiares en un ambiente acogedor.<\/p>\t\t\t\t\t\t\t\t<\/div>\n\t\t\t\t<\/div>\n\t\t\t\t\t<\/div>\n\t\t<\/div>\n\t\t\t\t<div class=\"elementor-column elementor-col-33 elementor-inner-column elementor-element elementor-element-99c7373 elementor-invisible\" data-id=\"99c7373\" data-element_type=\"column\" data-e-type=\"column\" data-settings=\"{&quot;background_background&quot;:&quot;classic&quot;,&quot;animation&quot;:&quot;fadeIn&quot;,&quot;animation_delay&quot;:200}\">\n\t\t\t<div class=\"elementor-widget-wrap elementor-element-populated\">\n\t\t\t\t\t\t<div class=\"elementor-element elementor-element-5cf0518 elementor-widget elementor-widget-image\" data-id=\"5cf0518\" data-element_type=\"widget\" data-e-type=\"widget\" data-widget_type=\"image.default\">\n\t\t\t\t<div class=\"elementor-widget-container\">\n\t\t\t\t\t\t\t\t\t\t\t\t\t\t\t<img decoding=\"async\" src=\"https:\/\/baresperanzabagatza.com\/wp-content\/uploads\/elementor\/thumbs\/21650-1-r2ra44l8y92n4kfriu944jfyi9icuqqr23ery6vqg0.jpg\" title=\"21650 (1)\" alt=\"21650 (1)\" loading=\"lazy\" \/>\t\t\t\t\t\t\t\t\t\t\t\t\t\t\t<\/div>\n\t\t\t\t<\/div>\n\t\t\t\t<div class=\"elementor-element elementor-element-641e774 elementor-widget elementor-widget-heading\" data-id=\"641e774\" data-element_type=\"widget\" data-e-type=\"widget\" data-widget_type=\"heading.default\">\n\t\t\t\t<div class=\"elementor-widget-container\">\n\t\t\t\t\t<h2 class=\"elementor-heading-title elementor-size-default\">Raciones<\/h2>\t\t\t\t<\/div>\n\t\t\t\t<\/div>\n\t\t\t\t<div class=\"elementor-element elementor-element-b004031 elementor-widget elementor-widget-text-editor\" data-id=\"b004031\" data-element_type=\"widget\" data-e-type=\"widget\" data-widget_type=\"text-editor.default\">\n\t\t\t\t<div class=\"elementor-widget-container\">\n\t\t\t\t\t\t\t\t\t<p>Saborea nuestras raciones caseras, perfectas para compartir y disfrutar en buena compa\u00f1\u00eda.<\/p>\t\t\t\t\t\t\t\t<\/div>\n\t\t\t\t<\/div>\n\t\t\t\t\t<\/div>\n\t\t<\/div>\n\t\t\t\t<div class=\"elementor-column elementor-col-33 elementor-inner-column elementor-element elementor-element-390296c elementor-invisible\" data-id=\"390296c\" data-element_type=\"column\" data-e-type=\"column\" data-settings=\"{&quot;background_background&quot;:&quot;classic&quot;,&quot;animation&quot;:&quot;fadeIn&quot;,&quot;animation_delay&quot;:300}\">\n\t\t\t<div class=\"elementor-widget-wrap elementor-element-populated\">\n\t\t\t\t\t\t<div class=\"elementor-element elementor-element-47781d2 elementor-widget elementor-widget-image\" data-id=\"47781d2\" data-element_type=\"widget\" data-e-type=\"widget\" data-widget_type=\"image.default\">\n\t\t\t\t<div class=\"elementor-widget-container\">\n\t\t\t\t\t\t\t\t\t\t\t\t\t\t\t<img decoding=\"async\" src=\"https:\/\/baresperanzabagatza.com\/wp-content\/uploads\/elementor\/thumbs\/44717-r2ra9l1immjkj2ienp653nvansm2jhenh3r990sgbk.jpg\" title=\"44717\" alt=\"44717\" loading=\"lazy\" \/>\t\t\t\t\t\t\t\t\t\t\t\t\t\t\t<\/div>\n\t\t\t\t<\/div>\n\t\t\t\t<div class=\"elementor-element elementor-element-c38ddd7 elementor-widget elementor-widget-heading\" data-id=\"c38ddd7\" data-element_type=\"widget\" data-e-type=\"widget\" data-widget_type=\"heading.default\">\n\t\t\t\t<div class=\"elementor-widget-container\">\n\t\t\t\t\t<h2 class=\"elementor-heading-title elementor-size-default\">Partidas de cartas<\/h2>\t\t\t\t<\/div>\n\t\t\t\t<\/div>\n\t\t\t\t<div class=\"elementor-element elementor-element-aaca7c5 elementor-widget elementor-widget-text-editor\" data-id=\"aaca7c5\" data-element_type=\"widget\" data-e-type=\"widget\" data-widget_type=\"text-editor.default\">\n\t\t\t\t<div class=\"elementor-widget-container\">\n\t\t\t\t\t\t\t\t\t<p>Si te apasionan las cartas, en <strong data-start=\"888\" data-end=\"905\">Bar Esperanza<\/strong> encontrar\u00e1s el lugar ideal para disfrutar de partidas y torneos con otros aficionados.<\/p>\t\t\t\t\t\t\t\t<\/div>\n\t\t\t\t<\/div>\n\t\t\t\t\t<\/div>\n\t\t<\/div>\n\t\t\t\t\t<\/div>\n\t\t<\/section>\n\t\t\t\t\t<\/div>\n\t\t<\/div>\n\t\t\t\t\t<\/div>\n\t\t<\/section>\n\t\t\t\t<\/div>","protected":false},"excerpt":{"rendered":"<p>Servicios Pintxos variados Disfruta de una gran variedad de pintxos preparados con ingredientes frescos y de calidad. Retransmisi\u00f3n de eventos deportivos Vive la emoci\u00f3n del f\u00fatbol con la retransmisi\u00f3n de todos los partidos de La Liga, la Champions y mucho m\u00e1s. Tambi\u00e9n emitimos otros eventos deportivos para que no te pierdas ninguna competici\u00f3n. Tortillas Disfruta [&hellip;]<\/p>\n","protected":false},"author":1,"featured_media":0,"parent":0,"menu_order":0,"comment_status":"closed","ping_status":"closed","template":"elementor_canvas","meta":{"footnotes":""},"class_list":["post-86","page","type-page","status-publish","hentry"],"yoast_head":"<!-- This site is optimized with the Yoast SEO plugin v27.3 - https:\/\/yoast.com\/product\/yoast-seo-wordpress\/ -->\n<title>Servicios - Bar Esperanza<\/title>\n<meta name=\"robots\" content=\"index, follow, max-snippet:-1, max-image-preview:large, max-video-preview:-1\" \/>\n<link rel=\"canonical\" href=\"https:\/\/baresperanzabagatza.com\/eu\/servicios\/\" \/>\n<meta property=\"og:locale\" content=\"en_US\" \/>\n<meta property=\"og:type\" content=\"article\" \/>\n<meta property=\"og:title\" content=\"Servicios - Bar Esperanza\" \/>\n<meta property=\"og:description\" content=\"Servicios Pintxos variados Disfruta de una gran variedad de pintxos preparados con ingredientes frescos y de calidad. Retransmisi\u00f3n de eventos deportivos Vive la emoci\u00f3n del f\u00fatbol con la retransmisi\u00f3n de todos los partidos de La Liga, la Champions y mucho m\u00e1s. Tambi\u00e9n emitimos otros eventos deportivos para que no te pierdas ninguna competici\u00f3n. Tortillas Disfruta [&hellip;]\" \/>\n<meta property=\"og:url\" content=\"https:\/\/baresperanzabagatza.com\/eu\/servicios\/\" \/>\n<meta property=\"og:site_name\" content=\"Bar Esperanza\" \/>\n<meta property=\"article:modified_time\" content=\"2025-03-13T08:58:11+00:00\" \/>\n<meta property=\"og:image\" content=\"https:\/\/baresperanzabagatza.com\/wp-content\/uploads\/elementor\/thumbs\/3561-r2r9mx5lufioljfizwhyzdr71cbgy7fn0xhsoue6cg.jpg\" \/>\n<meta name=\"twitter:card\" content=\"summary_large_image\" \/>\n<meta name=\"twitter:label1\" content=\"Est. reading time\" \/>\n\t<meta name=\"twitter:data1\" content=\"2 minutua\" \/>\n<script type=\"application\/ld+json\" class=\"yoast-schema-graph\">{\"@context\":\"https:\\\/\\\/schema.org\",\"@graph\":[{\"@type\":\"WebPage\",\"@id\":\"https:\\\/\\\/baresperanzabagatza.com\\\/servicios\\\/\",\"url\":\"https:\\\/\\\/baresperanzabagatza.com\\\/servicios\\\/\",\"name\":\"Servicios - Bar Esperanza\",\"isPartOf\":{\"@id\":\"https:\\\/\\\/baresperanzabagatza.com\\\/#website\"},\"primaryImageOfPage\":{\"@id\":\"https:\\\/\\\/baresperanzabagatza.com\\\/servicios\\\/#primaryimage\"},\"image\":{\"@id\":\"https:\\\/\\\/baresperanzabagatza.com\\\/servicios\\\/#primaryimage\"},\"thumbnailUrl\":\"https:\\\/\\\/baresperanzabagatza.com\\\/wp-content\\\/uploads\\\/elementor\\\/thumbs\\\/3561-r2r9mx5lufioljfizwhyzdr71cbgy7fn0xhsoue6cg.jpg\",\"datePublished\":\"2025-03-12T14:37:04+00:00\",\"dateModified\":\"2025-03-13T08:58:11+00:00\",\"breadcrumb\":{\"@id\":\"https:\\\/\\\/baresperanzabagatza.com\\\/servicios\\\/#breadcrumb\"},\"inLanguage\":\"eu\",\"potentialAction\":[{\"@type\":\"ReadAction\",\"target\":[\"https:\\\/\\\/baresperanzabagatza.com\\\/servicios\\\/\"]}]},{\"@type\":\"ImageObject\",\"inLanguage\":\"eu\",\"@id\":\"https:\\\/\\\/baresperanzabagatza.com\\\/servicios\\\/#primaryimage\",\"url\":\"https:\\\/\\\/baresperanzabagatza.com\\\/wp-content\\\/uploads\\\/elementor\\\/thumbs\\\/3561-r2r9mx5lufioljfizwhyzdr71cbgy7fn0xhsoue6cg.jpg\",\"contentUrl\":\"https:\\\/\\\/baresperanzabagatza.com\\\/wp-content\\\/uploads\\\/elementor\\\/thumbs\\\/3561-r2r9mx5lufioljfizwhyzdr71cbgy7fn0xhsoue6cg.jpg\"},{\"@type\":\"BreadcrumbList\",\"@id\":\"https:\\\/\\\/baresperanzabagatza.com\\\/servicios\\\/#breadcrumb\",\"itemListElement\":[{\"@type\":\"ListItem\",\"position\":1,\"name\":\"Portada\",\"item\":\"https:\\\/\\\/baresperanzabagatza.com\\\/\"},{\"@type\":\"ListItem\",\"position\":2,\"name\":\"Servicios\"}]},{\"@type\":\"WebSite\",\"@id\":\"https:\\\/\\\/baresperanzabagatza.com\\\/#website\",\"url\":\"https:\\\/\\\/baresperanzabagatza.com\\\/\",\"name\":\"Bar Esperanza\",\"description\":\"\",\"publisher\":{\"@id\":\"https:\\\/\\\/baresperanzabagatza.com\\\/#organization\"},\"potentialAction\":[{\"@type\":\"SearchAction\",\"target\":{\"@type\":\"EntryPoint\",\"urlTemplate\":\"https:\\\/\\\/baresperanzabagatza.com\\\/?s={search_term_string}\"},\"query-input\":{\"@type\":\"PropertyValueSpecification\",\"valueRequired\":true,\"valueName\":\"search_term_string\"}}],\"inLanguage\":\"eu\"},{\"@type\":\"Organization\",\"@id\":\"https:\\\/\\\/baresperanzabagatza.com\\\/#organization\",\"name\":\"Bar Esperanza\",\"url\":\"https:\\\/\\\/baresperanzabagatza.com\\\/\",\"logo\":{\"@type\":\"ImageObject\",\"inLanguage\":\"eu\",\"@id\":\"https:\\\/\\\/baresperanzabagatza.com\\\/#\\\/schema\\\/logo\\\/image\\\/\",\"url\":\"https:\\\/\\\/baresperanzabagatza.com\\\/wp-content\\\/uploads\\\/2025\\\/03\\\/cropped-baresperanza-01-1.png\",\"contentUrl\":\"https:\\\/\\\/baresperanzabagatza.com\\\/wp-content\\\/uploads\\\/2025\\\/03\\\/cropped-baresperanza-01-1.png\",\"width\":2099,\"height\":1874,\"caption\":\"Bar Esperanza\"},\"image\":{\"@id\":\"https:\\\/\\\/baresperanzabagatza.com\\\/#\\\/schema\\\/logo\\\/image\\\/\"}}]}<\/script>\n<!-- \/ Yoast SEO plugin. -->","yoast_head_json":{"title":"Servicios - Bar Esperanza","robots":{"index":"index","follow":"follow","max-snippet":"max-snippet:-1","max-image-preview":"max-image-preview:large","max-video-preview":"max-video-preview:-1"},"canonical":"https:\/\/baresperanzabagatza.com\/eu\/servicios\/","og_locale":"en_US","og_type":"article","og_title":"Servicios - Bar Esperanza","og_description":"Servicios Pintxos variados Disfruta de una gran variedad de pintxos preparados con ingredientes frescos y de calidad. Retransmisi\u00f3n de eventos deportivos Vive la emoci\u00f3n del f\u00fatbol con la retransmisi\u00f3n de todos los partidos de La Liga, la Champions y mucho m\u00e1s. Tambi\u00e9n emitimos otros eventos deportivos para que no te pierdas ninguna competici\u00f3n. Tortillas Disfruta [&hellip;]","og_url":"https:\/\/baresperanzabagatza.com\/eu\/servicios\/","og_site_name":"Bar Esperanza","article_modified_time":"2025-03-13T08:58:11+00:00","og_image":[{"url":"https:\/\/baresperanzabagatza.com\/wp-content\/uploads\/elementor\/thumbs\/3561-r2r9mx5lufioljfizwhyzdr71cbgy7fn0xhsoue6cg.jpg","type":"","width":"","height":""}],"twitter_card":"summary_large_image","twitter_misc":{"Est. reading time":"2 minutua"},"schema":{"@context":"https:\/\/schema.org","@graph":[{"@type":"WebPage","@id":"https:\/\/baresperanzabagatza.com\/servicios\/","url":"https:\/\/baresperanzabagatza.com\/servicios\/","name":"Servicios - Bar Esperanza","isPartOf":{"@id":"https:\/\/baresperanzabagatza.com\/#website"},"primaryImageOfPage":{"@id":"https:\/\/baresperanzabagatza.com\/servicios\/#primaryimage"},"image":{"@id":"https:\/\/baresperanzabagatza.com\/servicios\/#primaryimage"},"thumbnailUrl":"https:\/\/baresperanzabagatza.com\/wp-content\/uploads\/elementor\/thumbs\/3561-r2r9mx5lufioljfizwhyzdr71cbgy7fn0xhsoue6cg.jpg","datePublished":"2025-03-12T14:37:04+00:00","dateModified":"2025-03-13T08:58:11+00:00","breadcrumb":{"@id":"https:\/\/baresperanzabagatza.com\/servicios\/#breadcrumb"},"inLanguage":"eu","potentialAction":[{"@type":"ReadAction","target":["https:\/\/baresperanzabagatza.com\/servicios\/"]}]},{"@type":"ImageObject","inLanguage":"eu","@id":"https:\/\/baresperanzabagatza.com\/servicios\/#primaryimage","url":"https:\/\/baresperanzabagatza.com\/wp-content\/uploads\/elementor\/thumbs\/3561-r2r9mx5lufioljfizwhyzdr71cbgy7fn0xhsoue6cg.jpg","contentUrl":"https:\/\/baresperanzabagatza.com\/wp-content\/uploads\/elementor\/thumbs\/3561-r2r9mx5lufioljfizwhyzdr71cbgy7fn0xhsoue6cg.jpg"},{"@type":"BreadcrumbList","@id":"https:\/\/baresperanzabagatza.com\/servicios\/#breadcrumb","itemListElement":[{"@type":"ListItem","position":1,"name":"Portada","item":"https:\/\/baresperanzabagatza.com\/"},{"@type":"ListItem","position":2,"name":"Servicios"}]},{"@type":"WebSite","@id":"https:\/\/baresperanzabagatza.com\/#website","url":"https:\/\/baresperanzabagatza.com\/","name":"Bar Esperanza","description":"","publisher":{"@id":"https:\/\/baresperanzabagatza.com\/#organization"},"potentialAction":[{"@type":"SearchAction","target":{"@type":"EntryPoint","urlTemplate":"https:\/\/baresperanzabagatza.com\/?s={search_term_string}"},"query-input":{"@type":"PropertyValueSpecification","valueRequired":true,"valueName":"search_term_string"}}],"inLanguage":"eu"},{"@type":"Organization","@id":"https:\/\/baresperanzabagatza.com\/#organization","name":"Bar Esperanza","url":"https:\/\/baresperanzabagatza.com\/","logo":{"@type":"ImageObject","inLanguage":"eu","@id":"https:\/\/baresperanzabagatza.com\/#\/schema\/logo\/image\/","url":"https:\/\/baresperanzabagatza.com\/wp-content\/uploads\/2025\/03\/cropped-baresperanza-01-1.png","contentUrl":"https:\/\/baresperanzabagatza.com\/wp-content\/uploads\/2025\/03\/cropped-baresperanza-01-1.png","width":2099,"height":1874,"caption":"Bar Esperanza"},"image":{"@id":"https:\/\/baresperanzabagatza.com\/#\/schema\/logo\/image\/"}}]}},"_links":{"self":[{"href":"https:\/\/baresperanzabagatza.com\/eu\/wp-json\/wp\/v2\/pages\/86","targetHints":{"allow":["GET"]}}],"collection":[{"href":"https:\/\/baresperanzabagatza.com\/eu\/wp-json\/wp\/v2\/pages"}],"about":[{"href":"https:\/\/baresperanzabagatza.com\/eu\/wp-json\/wp\/v2\/types\/page"}],"author":[{"embeddable":true,"href":"https:\/\/baresperanzabagatza.com\/eu\/wp-json\/wp\/v2\/users\/1"}],"replies":[{"embeddable":true,"href":"https:\/\/baresperanzabagatza.com\/eu\/wp-json\/wp\/v2\/comments?post=86"}],"version-history":[{"count":46,"href":"https:\/\/baresperanzabagatza.com\/eu\/wp-json\/wp\/v2\/pages\/86\/revisions"}],"predecessor-version":[{"id":373,"href":"https:\/\/baresperanzabagatza.com\/eu\/wp-json\/wp\/v2\/pages\/86\/revisions\/373"}],"wp:attachment":[{"href":"https:\/\/baresperanzabagatza.com\/eu\/wp-json\/wp\/v2\/media?parent=86"}],"curies":[{"name":"wp","href":"https:\/\/api.w.org\/{rel}","templated":true}]}}