{"id":22,"date":"2025-03-12T11:26:36","date_gmt":"2025-03-12T11:26:36","guid":{"rendered":"https:\/\/baresperanzabagatza.rkinformatika.online\/?page_id=22"},"modified":"2025-03-26T08:33:38","modified_gmt":"2025-03-26T08:33:38","slug":"incio","status":"publish","type":"page","link":"https:\/\/baresperanzabagatza.com\/eu\/","title":{"rendered":"hasiera"},"content":{"rendered":"\t\t<div data-elementor-type=\"wp-post\" data-elementor-id=\"22\" class=\"elementor elementor-22\" data-elementor-post-type=\"page\">\n\t\t\t\t<div class=\"elementor-element elementor-element-f2695df e-con-full e-flex e-con e-parent\" data-id=\"f2695df\" data-element_type=\"container\" data-e-type=\"container\" data-settings=\"{&quot;background_background&quot;:&quot;classic&quot;,&quot;background_motion_fx_motion_fx_scrolling&quot;:&quot;yes&quot;,&quot;background_motion_fx_translateY_effect&quot;:&quot;yes&quot;,&quot;background_motion_fx_translateY_direction&quot;:&quot;negative&quot;,&quot;background_motion_fx_translateY_affectedRange&quot;:{&quot;unit&quot;:&quot;%&quot;,&quot;size&quot;:&quot;&quot;,&quot;sizes&quot;:{&quot;start&quot;:43,&quot;end&quot;:100}},&quot;background_motion_fx_blur_effect&quot;:&quot;yes&quot;,&quot;background_motion_fx_blur_level&quot;:{&quot;unit&quot;:&quot;px&quot;,&quot;size&quot;:3,&quot;sizes&quot;:[]},&quot;background_motion_fx_blur_range&quot;:{&quot;unit&quot;:&quot;%&quot;,&quot;size&quot;:&quot;&quot;,&quot;sizes&quot;:{&quot;start&quot;:47,&quot;end&quot;:100}},&quot;background_motion_fx_translateY_speed&quot;:{&quot;unit&quot;:&quot;px&quot;,&quot;size&quot;:4,&quot;sizes&quot;:[]},&quot;background_motion_fx_blur_direction&quot;:&quot;out-in&quot;,&quot;background_motion_fx_devices&quot;:[&quot;desktop&quot;,&quot;tablet&quot;,&quot;mobile&quot;]}\">\n\t\t\t\t<div class=\"elementor-element elementor-element-fa63473 animated-slow elementor-invisible elementor-widget elementor-widget-heading\" data-id=\"fa63473\" data-element_type=\"widget\" data-e-type=\"widget\" data-settings=\"{&quot;_animation_tablet&quot;:&quot;fadeInUp&quot;,&quot;_animation_mobile&quot;:&quot;fadeInUp&quot;,&quot;_animation&quot;:&quot;fadeInUp&quot;}\" data-widget_type=\"heading.default\">\n\t\t\t\t<div class=\"elementor-widget-container\">\n\t\t\t\t\t<h2 class=\"elementor-heading-title elementor-size-default\">BIENVENIDO AL BAR ESPERANZA<\/h2>\t\t\t\t<\/div>\n\t\t\t\t<\/div>\n\t\t\t\t<div class=\"elementor-element elementor-element-1830e22 animated-slow elementor-tablet-align-center elementor-invisible elementor-widget elementor-widget-button\" data-id=\"1830e22\" data-element_type=\"widget\" data-e-type=\"widget\" data-settings=\"{&quot;_animation_tablet&quot;:&quot;fadeInUp&quot;,&quot;_animation_mobile&quot;:&quot;fadeInUp&quot;,&quot;_animation&quot;:&quot;fadeInUp&quot;}\" data-widget_type=\"button.default\">\n\t\t\t\t<div class=\"elementor-widget-container\">\n\t\t\t\t\t\t\t\t\t<div class=\"elementor-button-wrapper\">\n\t\t\t\t\t<a class=\"elementor-button elementor-button-link elementor-size-sm\" href=\"https:\/\/www.google.es\/maps\/place\/Bar+Esperanza\/@43.3013893,-2.9927863,3a,85.4y,255.03h,88.29t\/data=!3m7!1e1!3m5!1sF_BaMsxqUHtrGeTgdlctqw!2e0!6shttps:%2F%2Fstreetviewpixels-pa.googleapis.com%2Fv1%2Fthumbnail%3Fcb_client%3Dmaps_sv.tactile%26w%3D900%26h%3D600%26pitch%3D1.7121542371997123%26panoid%3DF_BaMsxqUHtrGeTgdlctqw%26yaw%3D255.02965147178986!7i16384!8i8192!4m9!3m8!1s0xd4e5a6dddf37b77:0xd5fc7926a257c4e8!8m2!3d43.3013131!4d-2.9929405!10e5!14m1!1BCgIgARICCAI!16s%2Fg%2F11fjzb81gp?entry=ttu&#038;g_ep=EgoyMDI1MDMwOC4wIKXMDSoASAFQAw%3D%3D\" target=\"_blank\">\n\t\t\t\t\t\t<span class=\"elementor-button-content-wrapper\">\n\t\t\t\t\t\t\t\t\t<span class=\"elementor-button-text\">Ubicacion<\/span>\n\t\t\t\t\t<\/span>\n\t\t\t\t\t<\/a>\n\t\t\t\t<\/div>\n\t\t\t\t\t\t\t\t<\/div>\n\t\t\t\t<\/div>\n\t\t\t\t<\/div>\n\t\t<div class=\"elementor-element elementor-element-5bdecea e-flex e-con-boxed e-con e-parent\" data-id=\"5bdecea\" data-element_type=\"container\" data-e-type=\"container\">\n\t\t\t\t\t<div class=\"e-con-inner\">\n\t\t\t\t<div class=\"elementor-element elementor-element-4ed136e elementor-invisible elementor-widget elementor-widget-heading\" data-id=\"4ed136e\" data-element_type=\"widget\" data-e-type=\"widget\" data-settings=\"{&quot;motion_fx_motion_fx_scrolling&quot;:&quot;yes&quot;,&quot;motion_fx_opacity_effect&quot;:&quot;yes&quot;,&quot;motion_fx_opacity_direction&quot;:&quot;out-in-out&quot;,&quot;motion_fx_opacity_level&quot;:{&quot;unit&quot;:&quot;px&quot;,&quot;size&quot;:9.9,&quot;sizes&quot;:[]},&quot;motion_fx_opacity_range&quot;:{&quot;unit&quot;:&quot;%&quot;,&quot;size&quot;:&quot;&quot;,&quot;sizes&quot;:{&quot;start&quot;:46,&quot;end&quot;:100}},&quot;_animation&quot;:&quot;fadeInDown&quot;,&quot;motion_fx_devices&quot;:[&quot;desktop&quot;,&quot;tablet&quot;,&quot;mobile&quot;]}\" data-widget_type=\"heading.default\">\n\t\t\t\t<div class=\"elementor-widget-container\">\n\t\t\t\t\t<p class=\"elementor-heading-title elementor-size-default\">Sobre nosotros<\/p>\t\t\t\t<\/div>\n\t\t\t\t<\/div>\n\t\t\t\t\t<\/div>\n\t\t\t\t<\/div>\n\t\t<div class=\"elementor-element elementor-element-0779acf elementor-hidden-mobile e-flex e-con-boxed e-con e-parent\" data-id=\"0779acf\" data-element_type=\"container\" data-e-type=\"container\">\n\t\t\t\t\t<div class=\"e-con-inner\">\n\t\t<div class=\"elementor-element elementor-element-610b924 e-con-full e-flex elementor-invisible e-con e-child\" data-id=\"610b924\" data-element_type=\"container\" data-e-type=\"container\" data-settings=\"{&quot;background_background&quot;:&quot;classic&quot;,&quot;animation&quot;:&quot;fadeInLeft&quot;}\">\n\t\t\t\t<\/div>\n\t\t<div class=\"elementor-element elementor-element-cd151f5 e-con-full e-flex e-con e-child\" data-id=\"cd151f5\" data-element_type=\"container\" data-e-type=\"container\" data-settings=\"{&quot;background_background&quot;:&quot;classic&quot;}\">\n\t\t\t\t<div class=\"elementor-element elementor-element-d446b0f elementor-invisible elementor-widget elementor-widget-image\" data-id=\"d446b0f\" data-element_type=\"widget\" data-e-type=\"widget\" data-settings=\"{&quot;_animation&quot;:&quot;fadeInRight&quot;}\" data-widget_type=\"image.default\">\n\t\t\t\t<div class=\"elementor-widget-container\">\n\t\t\t\t\t\t\t\t\t\t\t\t\t\t\t<img decoding=\"async\" src=\"https:\/\/baresperanzabagatza.com\/wp-content\/uploads\/elementor\/thumbs\/2147930058-r2qzl43wxoiqkpn7juyphcvn41rf0od09dl8rfpo48.jpg\" title=\"2147930058\" alt=\"2147930058\" loading=\"lazy\" \/>\t\t\t\t\t\t\t\t\t\t\t\t\t\t\t<\/div>\n\t\t\t\t<\/div>\n\t\t\t\t<\/div>\n\t\t<div class=\"elementor-element elementor-element-549b029 e-con-full e-flex e-con e-child\" data-id=\"549b029\" data-element_type=\"container\" data-e-type=\"container\">\n\t\t\t\t<div class=\"elementor-element elementor-element-c880291 elementor-widget elementor-widget-text-editor\" data-id=\"c880291\" data-element_type=\"widget\" data-e-type=\"widget\" data-widget_type=\"text-editor.default\">\n\t\t\t\t<div class=\"elementor-widget-container\">\n\t\t\t\t\t\t\t\t\t<p data-start=\"38\" data-end=\"416\">En Bar Esperanza llevamos a\u00f1os siendo el punto de encuentro de nuestro barrio, un lugar donde la tradici\u00f3n y el buen ambiente se unen para ofrecerte momentos especiales. Somos un bar familiar en el que cada cliente se siente como en casa, ya sea para disfrutar de un buen desayuno, compartir unas raciones con amigos o seguir en directo los mejores eventos deportivos.<\/p><p data-start=\"418\" data-end=\"716\">Nos encanta la buena compa\u00f1\u00eda y la diversi\u00f3n, por eso organizamos torneos de cartas, retransmitimos todo el deporte y ofrecemos un espacio acogedor para celebrar cumplea\u00f1os y reuniones especiales. Adem\u00e1s, preparamos tortillas y pintxos por encargo, ideales para cualquier ocasi\u00f3n.<\/p>\t\t\t\t\t\t\t\t<\/div>\n\t\t\t\t<\/div>\n\t\t\t\t<\/div>\n\t\t\t\t\t<\/div>\n\t\t\t\t<\/div>\n\t\t\t\t<section class=\"elementor-section elementor-top-section elementor-element elementor-element-4c57c00c elementor-section-height-min-height elementor-hidden-desktop elementor-hidden-tablet elementor-section-boxed elementor-section-height-default elementor-section-items-middle\" data-id=\"4c57c00c\" data-element_type=\"section\" data-e-type=\"section\" data-settings=\"{&quot;background_background&quot;:&quot;classic&quot;}\">\n\t\t\t\t\t\t\t<div class=\"elementor-background-overlay\"><\/div>\n\t\t\t\t\t\t\t<div class=\"elementor-container elementor-column-gap-default\">\n\t\t\t\t\t<div class=\"elementor-column elementor-col-100 elementor-top-column elementor-element elementor-element-5ef13405\" data-id=\"5ef13405\" data-element_type=\"column\" data-e-type=\"column\">\n\t\t\t<div class=\"elementor-widget-wrap elementor-element-populated\">\n\t\t\t\t\t\t<section class=\"elementor-section elementor-inner-section elementor-element elementor-element-7ed9f014 elementor-hidden-desktop elementor-section-boxed elementor-section-height-default elementor-section-height-default\" data-id=\"7ed9f014\" data-element_type=\"section\" data-e-type=\"section\">\n\t\t\t\t\t\t<div class=\"elementor-container elementor-column-gap-default\">\n\t\t\t\t\t<div class=\"elementor-column elementor-col-50 elementor-inner-column elementor-element elementor-element-45eaf20d\" data-id=\"45eaf20d\" data-element_type=\"column\" data-e-type=\"column\">\n\t\t\t<div class=\"elementor-widget-wrap elementor-element-populated\">\n\t\t\t\t\t\t<div class=\"elementor-element elementor-element-5e5a34b2 elementor-widget elementor-widget-image\" data-id=\"5e5a34b2\" data-element_type=\"widget\" data-e-type=\"widget\" data-widget_type=\"image.default\">\n\t\t\t\t<div class=\"elementor-widget-container\">\n\t\t\t\t\t\t\t\t\t\t\t\t\t\t\t<img fetchpriority=\"high\" decoding=\"async\" width=\"683\" height=\"1024\" src=\"https:\/\/baresperanzabagatza.com\/wp-content\/uploads\/2025\/03\/2147930058-683x1024.jpg\" class=\"elementor-animation-hang attachment-large size-large wp-image-39\" alt=\"\" srcset=\"https:\/\/baresperanzabagatza.com\/wp-content\/uploads\/2025\/03\/2147930058-683x1024.jpg 683w, https:\/\/baresperanzabagatza.com\/wp-content\/uploads\/2025\/03\/2147930058-200x300.jpg 200w, https:\/\/baresperanzabagatza.com\/wp-content\/uploads\/2025\/03\/2147930058-768x1152.jpg 768w, https:\/\/baresperanzabagatza.com\/wp-content\/uploads\/2025\/03\/2147930058-8x12.jpg 8w, https:\/\/baresperanzabagatza.com\/wp-content\/uploads\/2025\/03\/2147930058.jpg 1000w\" sizes=\"(max-width: 683px) 100vw, 683px\" \/>\t\t\t\t\t\t\t\t\t\t\t\t\t\t\t<\/div>\n\t\t\t\t<\/div>\n\t\t\t\t\t<\/div>\n\t\t<\/div>\n\t\t\t\t<div class=\"elementor-column elementor-col-50 elementor-inner-column elementor-element elementor-element-48c5ea19\" data-id=\"48c5ea19\" data-element_type=\"column\" data-e-type=\"column\" data-settings=\"{&quot;background_background&quot;:&quot;classic&quot;}\">\n\t\t\t<div class=\"elementor-widget-wrap elementor-element-populated\">\n\t\t\t\t\t\t<div class=\"elementor-element elementor-element-7df6e75f elementor-widget elementor-widget-text-editor\" data-id=\"7df6e75f\" data-element_type=\"widget\" data-e-type=\"widget\" data-widget_type=\"text-editor.default\">\n\t\t\t\t<div class=\"elementor-widget-container\">\n\t\t\t\t\t\t\t\t\t<p data-start=\"38\" data-end=\"416\">En <strong data-start=\"41\" data-end=\"58\">Bar Esperanza<\/strong> llevamos a\u00f1os siendo el punto de encuentro de nuestro barrio, un lugar donde la tradici\u00f3n y el buen ambiente se unen para ofrecerte momentos especiales. Somos un <strong data-start=\"221\" data-end=\"237\">bar familiar<\/strong> en el que cada cliente se siente como en casa, ya sea para disfrutar de un buen desayuno, compartir unas raciones con amigos o seguir en directo los mejores eventos deportivos.<\/p><p data-start=\"418\" data-end=\"716\">Nos encanta la buena compa\u00f1\u00eda y la diversi\u00f3n, por eso organizamos <strong data-start=\"484\" data-end=\"505\">torneos de cartas<\/strong>, retransmitimos <strong data-start=\"522\" data-end=\"541\">todo el deporte<\/strong> y ofrecemos un espacio acogedor para celebrar <strong data-start=\"588\" data-end=\"625\">cumplea\u00f1os y reuniones especiales<\/strong>. Adem\u00e1s, preparamos <strong data-start=\"646\" data-end=\"681\">tortillas y pintxos por encargo<\/strong>, ideales para cualquier ocasi\u00f3n.<\/p>\t\t\t\t\t\t\t\t<\/div>\n\t\t\t\t<\/div>\n\t\t\t\t\t<\/div>\n\t\t<\/div>\n\t\t\t\t\t<\/div>\n\t\t<\/section>\n\t\t\t\t\t<\/div>\n\t\t<\/div>\n\t\t\t\t\t<\/div>\n\t\t<\/section>\n\t\t<div class=\"elementor-element elementor-element-425fe13 e-flex e-con-boxed e-con e-parent\" data-id=\"425fe13\" data-element_type=\"container\" data-e-type=\"container\" data-settings=\"{&quot;background_background&quot;:&quot;classic&quot;}\">\n\t\t\t\t\t<div class=\"e-con-inner\">\n\t\t\t\t<div class=\"elementor-element elementor-element-686b153 elementor-invisible elementor-widget elementor-widget-heading\" data-id=\"686b153\" data-element_type=\"widget\" data-e-type=\"widget\" data-settings=\"{&quot;_animation&quot;:&quot;fadeInDown&quot;,&quot;motion_fx_motion_fx_scrolling&quot;:&quot;yes&quot;,&quot;motion_fx_opacity_effect&quot;:&quot;yes&quot;,&quot;motion_fx_opacity_direction&quot;:&quot;out-in-out&quot;,&quot;motion_fx_opacity_range&quot;:{&quot;unit&quot;:&quot;%&quot;,&quot;size&quot;:&quot;&quot;,&quot;sizes&quot;:{&quot;start&quot;:37,&quot;end&quot;:100}},&quot;motion_fx_opacity_level&quot;:{&quot;unit&quot;:&quot;px&quot;,&quot;size&quot;:10,&quot;sizes&quot;:[]},&quot;motion_fx_devices&quot;:[&quot;desktop&quot;,&quot;tablet&quot;,&quot;mobile&quot;]}\" data-widget_type=\"heading.default\">\n\t\t\t\t<div class=\"elementor-widget-container\">\n\t\t\t\t\t<h2 class=\"elementor-heading-title elementor-size-default\">\u00bfQu\u00e9 nos hace especiales?<\/h2>\t\t\t\t<\/div>\n\t\t\t\t<\/div>\n\t\t\t\t<div class=\"elementor-element elementor-element-ae0d050 elementor-invisible elementor-widget elementor-widget-text-editor\" data-id=\"ae0d050\" data-element_type=\"widget\" data-e-type=\"widget\" data-settings=\"{&quot;_animation&quot;:&quot;fadeInUp&quot;,&quot;motion_fx_motion_fx_scrolling&quot;:&quot;yes&quot;,&quot;motion_fx_opacity_effect&quot;:&quot;yes&quot;,&quot;motion_fx_opacity_direction&quot;:&quot;out-in-out&quot;,&quot;motion_fx_opacity_range&quot;:{&quot;unit&quot;:&quot;%&quot;,&quot;size&quot;:&quot;&quot;,&quot;sizes&quot;:{&quot;start&quot;:37,&quot;end&quot;:100}},&quot;motion_fx_opacity_level&quot;:{&quot;unit&quot;:&quot;px&quot;,&quot;size&quot;:10,&quot;sizes&quot;:[]},&quot;motion_fx_devices&quot;:[&quot;desktop&quot;,&quot;tablet&quot;,&quot;mobile&quot;]}\" data-widget_type=\"text-editor.default\">\n\t\t\t\t<div class=\"elementor-widget-container\">\n\t\t\t\t\t\t\t\t\t<p data-start=\"38\" data-end=\"415\">En <strong data-start=\"41\" data-end=\"58\">Bar Esperanza<\/strong>, m\u00e1s que un bar, somos un punto de encuentro para el barrio. Aqu\u00ed puedes empezar el d\u00eda con un buen desayuno, disfrutar de raciones caseras y pintxos reci\u00e9n hechos, o encargar nuestras famosas tortillas para cualquier ocasi\u00f3n. Si te gusta el deporte, retransmitimos todos los partidos y competiciones para que no te pierdas ni un solo momento de emoci\u00f3n.<\/p><p data-start=\"417\" data-end=\"681\">Adem\u00e1s, nos encanta crear ambiente con nuestras partidas de cartas y torneos, donde la estrategia y la diversi\u00f3n van de la mano. Y si tienes algo que celebrar, aqu\u00ed encontrar\u00e1s el lugar perfecto para reunir a amigos y familiares en un espacio acogedor y cercano.<\/p>\t\t\t\t\t\t\t\t<\/div>\n\t\t\t\t<\/div>\n\t\t\t\t\t<\/div>\n\t\t\t\t<\/div>\n\t\t\t\t<\/div>\n\t\t","protected":false},"excerpt":{"rendered":"<p>BIENVENIDO AL BAR ESPERANZA Ubicacion Sobre nosotros En Bar Esperanza llevamos a\u00f1os siendo el punto de encuentro de nuestro barrio, un lugar donde la tradici\u00f3n y el buen ambiente se unen para ofrecerte momentos especiales. Somos un bar familiar en el que cada cliente se siente como en casa, ya sea para disfrutar de un [&hellip;]<\/p>\n","protected":false},"author":1,"featured_media":0,"parent":0,"menu_order":0,"comment_status":"closed","ping_status":"closed","template":"elementor_canvas","meta":{"footnotes":""},"class_list":["post-22","page","type-page","status-publish","hentry"],"yoast_head":"<!-- This site is optimized with the Yoast SEO plugin v27.3 - https:\/\/yoast.com\/product\/yoast-seo-wordpress\/ -->\n<title>incio - Bar Esperanza<\/title>\n<meta name=\"robots\" content=\"index, follow, max-snippet:-1, max-image-preview:large, max-video-preview:-1\" \/>\n<link rel=\"canonical\" href=\"https:\/\/baresperanzabagatza.com\/eu\/\" \/>\n<meta property=\"og:locale\" content=\"en_US\" \/>\n<meta property=\"og:type\" content=\"article\" \/>\n<meta property=\"og:title\" content=\"incio - Bar Esperanza\" \/>\n<meta property=\"og:description\" content=\"BIENVENIDO AL BAR ESPERANZA Ubicacion Sobre nosotros En Bar Esperanza llevamos a\u00f1os siendo el punto de encuentro de nuestro barrio, un lugar donde la tradici\u00f3n y el buen ambiente se unen para ofrecerte momentos especiales. Somos un bar familiar en el que cada cliente se siente como en casa, ya sea para disfrutar de un [&hellip;]\" \/>\n<meta property=\"og:url\" content=\"https:\/\/baresperanzabagatza.com\/eu\/\" \/>\n<meta property=\"og:site_name\" content=\"Bar Esperanza\" \/>\n<meta property=\"article:modified_time\" content=\"2025-03-26T08:33:38+00:00\" \/>\n<meta property=\"og:image\" content=\"https:\/\/baresperanzabagatza.com\/wp-content\/uploads\/elementor\/thumbs\/2147930058-r2qzl43wxoiqkpn7juyphcvn41rf0od09dl8rfpo48.jpg\" \/>\n<meta name=\"twitter:card\" content=\"summary_large_image\" \/>\n<meta name=\"twitter:label1\" content=\"Est. reading time\" \/>\n\t<meta name=\"twitter:data1\" content=\"2 minutua\" \/>\n<script type=\"application\/ld+json\" class=\"yoast-schema-graph\">{\"@context\":\"https:\\\/\\\/schema.org\",\"@graph\":[{\"@type\":\"WebPage\",\"@id\":\"https:\\\/\\\/baresperanzabagatza.com\\\/\",\"url\":\"https:\\\/\\\/baresperanzabagatza.com\\\/\",\"name\":\"incio - Bar Esperanza\",\"isPartOf\":{\"@id\":\"https:\\\/\\\/baresperanzabagatza.com\\\/#website\"},\"primaryImageOfPage\":{\"@id\":\"https:\\\/\\\/baresperanzabagatza.com\\\/#primaryimage\"},\"image\":{\"@id\":\"https:\\\/\\\/baresperanzabagatza.com\\\/#primaryimage\"},\"thumbnailUrl\":\"https:\\\/\\\/baresperanzabagatza.com\\\/wp-content\\\/uploads\\\/elementor\\\/thumbs\\\/2147930058-r2qzl43wxoiqkpn7juyphcvn41rf0od09dl8rfpo48.jpg\",\"datePublished\":\"2025-03-12T11:26:36+00:00\",\"dateModified\":\"2025-03-26T08:33:38+00:00\",\"breadcrumb\":{\"@id\":\"https:\\\/\\\/baresperanzabagatza.com\\\/#breadcrumb\"},\"inLanguage\":\"eu\",\"potentialAction\":[{\"@type\":\"ReadAction\",\"target\":[\"https:\\\/\\\/baresperanzabagatza.com\\\/\"]}]},{\"@type\":\"ImageObject\",\"inLanguage\":\"eu\",\"@id\":\"https:\\\/\\\/baresperanzabagatza.com\\\/#primaryimage\",\"url\":\"https:\\\/\\\/baresperanzabagatza.com\\\/wp-content\\\/uploads\\\/elementor\\\/thumbs\\\/2147930058-r2qzl43wxoiqkpn7juyphcvn41rf0od09dl8rfpo48.jpg\",\"contentUrl\":\"https:\\\/\\\/baresperanzabagatza.com\\\/wp-content\\\/uploads\\\/elementor\\\/thumbs\\\/2147930058-r2qzl43wxoiqkpn7juyphcvn41rf0od09dl8rfpo48.jpg\"},{\"@type\":\"BreadcrumbList\",\"@id\":\"https:\\\/\\\/baresperanzabagatza.com\\\/#breadcrumb\",\"itemListElement\":[{\"@type\":\"ListItem\",\"position\":1,\"name\":\"Portada\",\"item\":\"https:\\\/\\\/baresperanzabagatza.com\\\/\"},{\"@type\":\"ListItem\",\"position\":2,\"name\":\"incio\"}]},{\"@type\":\"WebSite\",\"@id\":\"https:\\\/\\\/baresperanzabagatza.com\\\/#website\",\"url\":\"https:\\\/\\\/baresperanzabagatza.com\\\/\",\"name\":\"Bar Esperanza\",\"description\":\"\",\"publisher\":{\"@id\":\"https:\\\/\\\/baresperanzabagatza.com\\\/#organization\"},\"potentialAction\":[{\"@type\":\"SearchAction\",\"target\":{\"@type\":\"EntryPoint\",\"urlTemplate\":\"https:\\\/\\\/baresperanzabagatza.com\\\/?s={search_term_string}\"},\"query-input\":{\"@type\":\"PropertyValueSpecification\",\"valueRequired\":true,\"valueName\":\"search_term_string\"}}],\"inLanguage\":\"eu\"},{\"@type\":\"Organization\",\"@id\":\"https:\\\/\\\/baresperanzabagatza.com\\\/#organization\",\"name\":\"Bar Esperanza\",\"url\":\"https:\\\/\\\/baresperanzabagatza.com\\\/\",\"logo\":{\"@type\":\"ImageObject\",\"inLanguage\":\"eu\",\"@id\":\"https:\\\/\\\/baresperanzabagatza.com\\\/#\\\/schema\\\/logo\\\/image\\\/\",\"url\":\"https:\\\/\\\/baresperanzabagatza.com\\\/wp-content\\\/uploads\\\/2025\\\/03\\\/cropped-baresperanza-01-1.png\",\"contentUrl\":\"https:\\\/\\\/baresperanzabagatza.com\\\/wp-content\\\/uploads\\\/2025\\\/03\\\/cropped-baresperanza-01-1.png\",\"width\":2099,\"height\":1874,\"caption\":\"Bar Esperanza\"},\"image\":{\"@id\":\"https:\\\/\\\/baresperanzabagatza.com\\\/#\\\/schema\\\/logo\\\/image\\\/\"}}]}<\/script>\n<!-- \/ Yoast SEO plugin. -->","yoast_head_json":{"title":"incio - Bar Esperanza","robots":{"index":"index","follow":"follow","max-snippet":"max-snippet:-1","max-image-preview":"max-image-preview:large","max-video-preview":"max-video-preview:-1"},"canonical":"https:\/\/baresperanzabagatza.com\/eu\/","og_locale":"en_US","og_type":"article","og_title":"incio - Bar Esperanza","og_description":"BIENVENIDO AL BAR ESPERANZA Ubicacion Sobre nosotros En Bar Esperanza llevamos a\u00f1os siendo el punto de encuentro de nuestro barrio, un lugar donde la tradici\u00f3n y el buen ambiente se unen para ofrecerte momentos especiales. Somos un bar familiar en el que cada cliente se siente como en casa, ya sea para disfrutar de un [&hellip;]","og_url":"https:\/\/baresperanzabagatza.com\/eu\/","og_site_name":"Bar Esperanza","article_modified_time":"2025-03-26T08:33:38+00:00","og_image":[{"url":"https:\/\/baresperanzabagatza.com\/wp-content\/uploads\/elementor\/thumbs\/2147930058-r2qzl43wxoiqkpn7juyphcvn41rf0od09dl8rfpo48.jpg","type":"","width":"","height":""}],"twitter_card":"summary_large_image","twitter_misc":{"Est. reading time":"2 minutua"},"schema":{"@context":"https:\/\/schema.org","@graph":[{"@type":"WebPage","@id":"https:\/\/baresperanzabagatza.com\/","url":"https:\/\/baresperanzabagatza.com\/","name":"incio - Bar Esperanza","isPartOf":{"@id":"https:\/\/baresperanzabagatza.com\/#website"},"primaryImageOfPage":{"@id":"https:\/\/baresperanzabagatza.com\/#primaryimage"},"image":{"@id":"https:\/\/baresperanzabagatza.com\/#primaryimage"},"thumbnailUrl":"https:\/\/baresperanzabagatza.com\/wp-content\/uploads\/elementor\/thumbs\/2147930058-r2qzl43wxoiqkpn7juyphcvn41rf0od09dl8rfpo48.jpg","datePublished":"2025-03-12T11:26:36+00:00","dateModified":"2025-03-26T08:33:38+00:00","breadcrumb":{"@id":"https:\/\/baresperanzabagatza.com\/#breadcrumb"},"inLanguage":"eu","potentialAction":[{"@type":"ReadAction","target":["https:\/\/baresperanzabagatza.com\/"]}]},{"@type":"ImageObject","inLanguage":"eu","@id":"https:\/\/baresperanzabagatza.com\/#primaryimage","url":"https:\/\/baresperanzabagatza.com\/wp-content\/uploads\/elementor\/thumbs\/2147930058-r2qzl43wxoiqkpn7juyphcvn41rf0od09dl8rfpo48.jpg","contentUrl":"https:\/\/baresperanzabagatza.com\/wp-content\/uploads\/elementor\/thumbs\/2147930058-r2qzl43wxoiqkpn7juyphcvn41rf0od09dl8rfpo48.jpg"},{"@type":"BreadcrumbList","@id":"https:\/\/baresperanzabagatza.com\/#breadcrumb","itemListElement":[{"@type":"ListItem","position":1,"name":"Portada","item":"https:\/\/baresperanzabagatza.com\/"},{"@type":"ListItem","position":2,"name":"incio"}]},{"@type":"WebSite","@id":"https:\/\/baresperanzabagatza.com\/#website","url":"https:\/\/baresperanzabagatza.com\/","name":"Bar Esperanza","description":"","publisher":{"@id":"https:\/\/baresperanzabagatza.com\/#organization"},"potentialAction":[{"@type":"SearchAction","target":{"@type":"EntryPoint","urlTemplate":"https:\/\/baresperanzabagatza.com\/?s={search_term_string}"},"query-input":{"@type":"PropertyValueSpecification","valueRequired":true,"valueName":"search_term_string"}}],"inLanguage":"eu"},{"@type":"Organization","@id":"https:\/\/baresperanzabagatza.com\/#organization","name":"Bar Esperanza","url":"https:\/\/baresperanzabagatza.com\/","logo":{"@type":"ImageObject","inLanguage":"eu","@id":"https:\/\/baresperanzabagatza.com\/#\/schema\/logo\/image\/","url":"https:\/\/baresperanzabagatza.com\/wp-content\/uploads\/2025\/03\/cropped-baresperanza-01-1.png","contentUrl":"https:\/\/baresperanzabagatza.com\/wp-content\/uploads\/2025\/03\/cropped-baresperanza-01-1.png","width":2099,"height":1874,"caption":"Bar Esperanza"},"image":{"@id":"https:\/\/baresperanzabagatza.com\/#\/schema\/logo\/image\/"}}]}},"_links":{"self":[{"href":"https:\/\/baresperanzabagatza.com\/eu\/wp-json\/wp\/v2\/pages\/22","targetHints":{"allow":["GET"]}}],"collection":[{"href":"https:\/\/baresperanzabagatza.com\/eu\/wp-json\/wp\/v2\/pages"}],"about":[{"href":"https:\/\/baresperanzabagatza.com\/eu\/wp-json\/wp\/v2\/types\/page"}],"author":[{"embeddable":true,"href":"https:\/\/baresperanzabagatza.com\/eu\/wp-json\/wp\/v2\/users\/1"}],"replies":[{"embeddable":true,"href":"https:\/\/baresperanzabagatza.com\/eu\/wp-json\/wp\/v2\/comments?post=22"}],"version-history":[{"count":140,"href":"https:\/\/baresperanzabagatza.com\/eu\/wp-json\/wp\/v2\/pages\/22\/revisions"}],"predecessor-version":[{"id":389,"href":"https:\/\/baresperanzabagatza.com\/eu\/wp-json\/wp\/v2\/pages\/22\/revisions\/389"}],"wp:attachment":[{"href":"https:\/\/baresperanzabagatza.com\/eu\/wp-json\/wp\/v2\/media?parent=22"}],"curies":[{"name":"wp","href":"https:\/\/api.w.org\/{rel}","templated":true}]}}